{"id":15,"date":"2024-06-18T09:00:47","date_gmt":"2024-06-18T07:00:47","guid":{"rendered":"https:\/\/effectiveads.es\/?page_id=15"},"modified":"2025-06-27T12:35:01","modified_gmt":"2025-06-27T10:35:01","slug":"legal","status":"publish","type":"page","link":"https:\/\/effectiveads.es\/en\/legal\/","title":{"rendered":"Legal notice"},"content":{"rendered":"<div data-elementor-type=\"wp-page\" data-elementor-id=\"15\" class=\"elementor elementor-15\" data-elementor-post-type=\"page\">\n\t\t\t\t<div class=\"elementor-element elementor-element-90a4d25 e-con-full e-flex e-con e-parent\" data-id=\"90a4d25\" data-element_type=\"container\" data-e-type=\"container\" data-settings=\"{&quot;background_background&quot;:&quot;classic&quot;}\">\n\t\t\t\t<div class=\"elementor-element elementor-element-32e119d animated-slow elementor-widget elementor-widget-heading\" data-id=\"32e119d\" data-element_type=\"widget\" data-e-type=\"widget\" data-settings=\"{&quot;_animation&quot;:&quot;none&quot;}\" data-widget_type=\"heading.default\">\n\t\t\t\t<div class=\"elementor-widget-container\">\n\t\t\t\t\t<div class=\"elementor-heading-title elementor-size-default\">Legal notice<\/div>\t\t\t\t<\/div>\n\t\t\t\t<\/div>\n\t\t\t\t<div class=\"elementor-element elementor-element-3081572 elementor-hidden-desktop elementor-hidden-tablet elementor-hidden-mobile elementor-widget-divider--view-line elementor-widget elementor-widget-divider\" data-id=\"3081572\" data-element_type=\"widget\" data-e-type=\"widget\" data-widget_type=\"divider.default\">\n\t\t\t\t<div class=\"elementor-widget-container\">\n\t\t\t\t\t\t\t<div class=\"elementor-divider\">\n\t\t\t<span class=\"elementor-divider-separator\">\n\t\t\t\t\t\t<\/span>\n\t\t<\/div>\n\t\t\t\t\t\t<\/div>\n\t\t\t\t<\/div>\n\t\t\t\t<\/div>\n\t\t<div class=\"elementor-element elementor-element-3bad447 e-flex e-con-boxed e-con e-parent\" data-id=\"3bad447\" data-element_type=\"container\" data-e-type=\"container\">\n\t\t\t\t\t<div class=\"e-con-inner\">\n\t\t\t\t<div class=\"elementor-element elementor-element-1df7899 elementor-widget elementor-widget-text-editor\" data-id=\"1df7899\" data-element_type=\"widget\" data-e-type=\"widget\" data-widget_type=\"text-editor.default\">\n\t\t\t\t<div class=\"elementor-widget-container\">\n\t\t\t\t\t\t\t\t\t<h3>I. GENERAL INFORMATION<\/h3><p>In compliance with the duty of information provided in Law 34\/2002 on Information Society Services and Electronic Commerce (LSSI-CE) of July 11, the following general information about this website is provided below:<\/p><p>The ownership of this website,\u00a0<span class=\"blanc-space ng-binding\">https:\/\/effectiveads.es<\/span>, (hereinafter, Website) is held by:\u00a0<span class=\"blanc-space ng-binding\">Michelle Valencia Izarra<\/span>, with NIF:\u00a0<span class=\"blanc-space ng-binding\">Z1200550R<\/span>, and whose contact details are:<\/p><p>Address:\u00a0<span class=\"blanc-space ng-binding\">Alcora Avenue 26D, Castell\u00f3n 12006<\/span><\/p><p>Contact telephone number:\u00a0<span class=\"blanc-space ng-binding\">+34662043075<\/span><\/p><p>Contact email:\u00a0<span class=\"blanc-space ng-binding\">VALENCIAIM5@GMAIL.COM<\/span><\/p><h3>II. GENERAL TERMS AND CONDITIONS OF USE<\/h3><h4>The purpose of the conditions: The Website<\/h4><p>The purpose of these General Conditions of Use (hereinafter, Conditions) is to regulate access to and use of the Website. For the purposes of these Conditions, the Website shall be understood as: the external appearance of the screen interfaces, both static and dynamic, i.e., the navigation tree; and all elements integrated into both the screen interfaces and the navigation tree (hereinafter, Contents) and all online services or resources that it may offer to Users (hereinafter, Services).<\/p><p><span class=\"blanc-space ng-binding\">EFFECTIVEADS<\/span>\u00a0reserves the right to modify, at any time and without prior notice, the presentation and configuration of the Website and the Content and Services that may be incorporated therein. The User acknowledges and accepts that at any time\u00a0<span class=\"blanc-space ng-binding\">EFFECTIVEADS<\/span>\u00a0may interrupt, deactivate and\/or cancel any of these elements that are integrated into the Website or access to them.<\/p><p>Access to the Website by the User is free and, as a general rule, free of charge. The User does not have to provide any compensation to enjoy it, except for the cost of connection through the telecommunications network provided by the access provider contracted by the User.<\/p><p>The use of any of the Content or Services of the Website may be done through prior subscription or registration by the User.<\/p><h4>The User<\/h4><p>Access, navigation and use of the Website, as well as the spaces enabled to interact between Users, and the User and\u00a0<span class=\"blanc-space ng-binding\">EFFECTIVEADS<\/span>, such as comments and\/or blogging spaces, confers the status of User, and therefore, from the moment you begin browsing the Website, you accept all the Conditions established herein, as well as any subsequent modifications, without prejudice to the application of the corresponding mandatory legal regulations, as applicable. Given the relevance of the foregoing, the User is recommended to read them each time they visit the Website.<\/p><p>The Website of\u00a0<span class=\"blanc-space ng-binding\">EFFECTIVEADS<\/span>\u00a0provides a wide variety of information, services, and data. The User assumes responsibility for proper use of the Website. This responsibility extends to:<\/p><ul><li>A use of the information, Contents and\/or Services and data offered by\u00a0<span class=\"blanc-space ng-binding\">EFFECTIVEADS<\/span>\u00a0without being contrary to the provisions of these Conditions, the Law, morality or public order, or that in any other way may imply injury to the rights of third parties or the operation of the Website itself.<\/li><li>The veracity and legality of the information provided by the User in the forms extended by\u00a0<span class=\"blanc-space ng-binding\">EFFECTIVEADS<\/span>\u00a0for access to certain Content or Services offered by the Website. In any case, the User will immediately notify\u00a0<span class=\"blanc-space ng-binding\">EFFECTIVEADS<\/span>\u00a0about any event that may lead to the misuse of the information recorded in said forms, such as, but not limited to, theft, loss, or unauthorized access to identifiers and\/or passwords, in order to proceed with their immediate cancellation.<\/li><\/ul><p><span class=\"blanc-space ng-binding\">EFFECTIVEADS<\/span>\u00a0reserves the right to remove any comments and contributions that violate the law, respect for human dignity, that are discriminatory, xenophobic, racist, pornographic, spammy, that threaten youth or childhood, public order or safety, or that, in its judgment, are not suitable for publication.<\/p><p>In any case,\u00a0<span class=\"blanc-space ng-binding\">EFFECTIVEADS<\/span>\u00a0will not be responsible for the opinions expressed by Users through comments or other blogging or participation tools that may exist.<\/p><p>Mere access to this Website does not imply any type of commercial relationship between\u00a0<span class=\"blanc-space ng-binding\">EFFECTIVEADS<\/span>\u00a0and the User.<\/p><p>The User declares to be of legal age and to have sufficient legal capacity to be bound by these Conditions. Therefore, this Website of\u00a0<span class=\"blanc-space ng-binding\">EFFECTIVEADS<\/span>\u00a0not directed at minors.\u00a0<span class=\"blanc-space ng-binding\">EFFECTIVEADS<\/span>\u00a0declines any responsibility for failure to comply with this requirement.<\/p><p>The Website is primarily aimed at Users residing in\u00a0<span class=\"blanc-space ng-binding\">Spain<\/span>.\u00a0<span class=\"blanc-space ng-binding\">EFFECTIVEADS<\/span>\u00a0does not guarantee that the Website complies with the laws of other countries, either in whole or in part. If the User resides or is domiciled elsewhere and decides to access and\/or browse the Website, they will do so at their own risk and must ensure that such access and browsing complies with the local legislation applicable to them, and they do not assume any liability for any errors or omissions.\u00a0<span class=\"blanc-space ng-binding\">EFFECTIVEADS<\/span>\u00a0any liability that may arise from such access.<\/p><h3>III. ACCESS AND NAVIGATION ON THE WEBSITE: EXCLUSION OF WARRANTIES AND LIABILITY<\/h3><p><span class=\"blanc-space ng-binding\">EFFECTIVEADS<\/span>\u00a0does not guarantee the continuity, availability and usefulness of the Website, nor of the Contents or Services.\u00a0<span class=\"blanc-space ng-binding\">EFFECTIVEADS<\/span>\u00a0will do everything possible to ensure the proper functioning of the Website; however, it is not responsible for, nor does it guarantee that access to this Website will be uninterrupted or error-free.<\/p><p>Nor is it responsible or guaranteed that the content or software that may be accessed through this Website is error-free or will cause damage to the User&#039;s computer system (software and hardware). Under no circumstances\u00a0<span class=\"blanc-space ng-binding\">EFFECTIVEADS<\/span>\u00a0will be liable for any loss, damage or harm of any kind arising from access, browsing and use of the Website, including, but not limited to, those caused to computer systems or those caused by the introduction of viruses.<\/p><p><span class=\"blanc-space ng-binding\">EFFECTIVEADS<\/span>\u00a0Nor is it responsible for any damages that may be caused to users due to improper use of this Website. In particular, it is not liable in any way for any outages, interruptions, failures, or defects in telecommunications that may occur.<\/p><h3>IV. LINKS POLICY<\/h3><p>The User or third party who creates a hyperlink from a web page of another, different, website to the Website of\u00a0<span class=\"blanc-space ng-binding\">EFFECTIVEADS<\/span>\u00a0you should know that:<\/p><p>Reproduction - in whole or in part - of any of the Contents and\/or Services of the Website is not permitted without express authorization from\u00a0<span class=\"blanc-space ng-binding\">EFFECTIVEADS<\/span>.<\/p><p>No false, inaccurate or incorrect statement about the Website is permitted either.\u00a0<span class=\"blanc-space ng-binding\">EFFECTIVEADS<\/span>, nor about the Contents and\/or Services thereof.<\/p><p>Except for the hyperlink, the website on which said hyperlink is established will not contain any element of this Website protected as intellectual property by the Spanish legal system, unless expressly authorized by\u00a0<span class=\"blanc-space ng-binding\">EFFECTIVEADS<\/span>.<\/p><p>The establishment of the hyperlink will not imply the existence of relations between\u00a0<span class=\"blanc-space ng-binding\">EFFECTIVEADS<\/span>\u00a0and the owner of the website from which it is made, nor the knowledge and acceptance of\u00a0<span class=\"blanc-space ng-binding\">EFFECTIVEADS<\/span>\u00a0of the contents, services and\/or activities offered on said website, and vice versa.<\/p><h3>V. INTELLECTUAL AND INDUSTRIAL PROPERTY<\/h3><p><span class=\"blanc-space ng-binding\">EFFECTIVEADS<\/span>\u00a0For its own part or as an assignee, it is the owner of all intellectual and industrial property rights of the Website, as well as of the elements contained therein (including, but not limited to, images, sound, audio, video, software or texts, trademarks or logos, color combinations, structure and design, selection of materials used, computer programs necessary for its operation, access and use, etc.). Consequently, these works will be protected as intellectual property by Spanish law, and both Spanish and European regulations in this field, as well as the international treaties relating to the subject matter and signed by Spain, will be applicable to them.<\/p><p>All rights reserved. Pursuant to the provisions of the Intellectual Property Law, the reproduction, distribution, and public communication, including making available, of all or part of the contents of this website, for commercial purposes, on any medium and by any technical means, are expressly prohibited without the authorization of\u00a0<span class=\"blanc-space ng-binding\">EFFECTIVEADS<\/span>.<\/p><p>The User undertakes to respect the intellectual and industrial property rights of\u00a0<span class=\"blanc-space ng-binding\">EFFECTIVEADS<\/span>You may view the elements of the Website or even print, copy, and store them on your computer&#039;s hard drive or any other physical medium, provided that this is done exclusively for your personal use. However, the User may not delete, alter, or manipulate any protective device or security system installed on the Website.<\/p><p>In the event that the User or third party considers that any of the Contents of the Website constitutes a violation of intellectual property protection rights, they must immediately notify\u00a0<span class=\"blanc-space ng-binding\">EFFECTIVEADS<\/span>\u00a0through the contact information in the GENERAL INFORMATION section of this Legal Notice and General Conditions of Use.<\/p><h3>VI. LEGAL ACTIONS, APPLICABLE LEGISLATION AND JURISDICTION<\/h3><p><span class=\"blanc-space ng-binding\">EFFECTIVEADS<\/span>\u00a0reserves the right to file any civil or criminal actions it deems necessary for improper use of the Website and Contents, or for non-compliance with these Conditions.<\/p><p>The relationship between the User and\u00a0<span class=\"blanc-space ng-binding\">EFFECTIVEADS<\/span>\u00a0It will be governed by the regulations in force and applicable in Spanish territory. Should any dispute arise regarding the interpretation and\/or application of these Conditions, the parties shall submit their disputes to ordinary jurisdiction, submitting to the corresponding courts and tribunals.<\/p>\t\t\t\t\t\t\t\t<\/div>\n\t\t\t\t<\/div>\n\t\t\t\t\t<\/div>\n\t\t\t\t<\/div>\n\t\t\t\t<\/div>","protected":false},"excerpt":{"rendered":"<p>I. INFORMACI\u00d3N GENERAL En cumplimiento con el deber de informaci\u00f3n dispuesto en la Ley 34\/2002 de Servicios de la Sociedad de la Informaci\u00f3n y el Comercio Electr\u00f3nico (LSSI-CE) de 11 de julio, se facilitan a continuaci\u00f3n los siguientes datos de informaci\u00f3n general de este sitio web: La titularidad de este sitio web,\u00a0https:\/\/effectiveads.es, (en adelante, Sitio [&hellip;]<\/p>\n","protected":false},"author":2,"featured_media":0,"parent":0,"menu_order":0,"comment_status":"closed","ping_status":"closed","template":"elementor_header_footer","meta":{"_joinchat":[],"footnotes":""},"class_list":["post-15","page","type-page","status-publish","hentry"],"yoast_head":"<!-- This site is optimized with the Yoast SEO plugin v27.4 - https:\/\/yoast.com\/product\/yoast-seo-wordpress\/ -->\n<title>Aviso legal - EFFECTIVEADS<\/title>\n<meta name=\"robots\" content=\"noindex, follow\" \/>\n<meta property=\"og:locale\" content=\"en_GB\" \/>\n<meta property=\"og:type\" content=\"article\" \/>\n<meta property=\"og:title\" content=\"Aviso legal - EFFECTIVEADS\" \/>\n<meta property=\"og:description\" content=\"I. INFORMACI\u00d3N GENERAL En cumplimiento con el deber de informaci\u00f3n dispuesto en la Ley 34\/2002 de Servicios de la Sociedad de la Informaci\u00f3n y el Comercio Electr\u00f3nico (LSSI-CE) de 11 de julio, se facilitan a continuaci\u00f3n los siguientes datos de informaci\u00f3n general de este sitio web: La titularidad de este sitio web,\u00a0https:\/\/effectiveads.es, (en adelante, Sitio [&hellip;]\" \/>\n<meta property=\"og:url\" content=\"https:\/\/effectiveads.es\/en\/legal\/\" \/>\n<meta property=\"og:site_name\" content=\"EFFECTIVEADS\" \/>\n<meta property=\"article:modified_time\" content=\"2025-06-27T10:35:01+00:00\" \/>\n<meta name=\"twitter:card\" content=\"summary_large_image\" \/>\n<script type=\"application\/ld+json\" class=\"yoast-schema-graph\">{\"@context\":\"https:\\\/\\\/schema.org\",\"@graph\":[{\"@type\":\"WebPage\",\"@id\":\"https:\\\/\\\/effectiveads.es\\\/legal\\\/\",\"url\":\"https:\\\/\\\/effectiveads.es\\\/legal\\\/\",\"name\":\"Aviso legal - EFFECTIVEADS\",\"isPartOf\":{\"@id\":\"https:\\\/\\\/effectiveads.es\\\/#website\"},\"datePublished\":\"2024-06-18T07:00:47+00:00\",\"dateModified\":\"2025-06-27T10:35:01+00:00\",\"breadcrumb\":{\"@id\":\"https:\\\/\\\/effectiveads.es\\\/legal\\\/#breadcrumb\"},\"inLanguage\":\"en-GB\",\"potentialAction\":[{\"@type\":\"ReadAction\",\"target\":[\"https:\\\/\\\/effectiveads.es\\\/legal\\\/\"]}]},{\"@type\":\"BreadcrumbList\",\"@id\":\"https:\\\/\\\/effectiveads.es\\\/legal\\\/#breadcrumb\",\"itemListElement\":[{\"@type\":\"ListItem\",\"position\":1,\"name\":\"Portada\",\"item\":\"https:\\\/\\\/effectiveads.es\\\/\"},{\"@type\":\"ListItem\",\"position\":2,\"name\":\"Aviso legal\"}]},{\"@type\":\"WebSite\",\"@id\":\"https:\\\/\\\/effectiveads.es\\\/#website\",\"url\":\"https:\\\/\\\/effectiveads.es\\\/\",\"name\":\"EFFECTIVEADS\",\"description\":\"Agencia n1 en publicidad digital online\",\"publisher\":{\"@id\":\"https:\\\/\\\/effectiveads.es\\\/#organization\"},\"potentialAction\":[{\"@type\":\"SearchAction\",\"target\":{\"@type\":\"EntryPoint\",\"urlTemplate\":\"https:\\\/\\\/effectiveads.es\\\/?s={search_term_string}\"},\"query-input\":{\"@type\":\"PropertyValueSpecification\",\"valueRequired\":true,\"valueName\":\"search_term_string\"}}],\"inLanguage\":\"en-GB\"},{\"@type\":\"Organization\",\"@id\":\"https:\\\/\\\/effectiveads.es\\\/#organization\",\"name\":\"EFFECTIVEADS\",\"url\":\"https:\\\/\\\/effectiveads.es\\\/\",\"logo\":{\"@type\":\"ImageObject\",\"inLanguage\":\"en-GB\",\"@id\":\"https:\\\/\\\/effectiveads.es\\\/#\\\/schema\\\/logo\\\/image\\\/\",\"url\":\"https:\\\/\\\/effectiveads.es\\\/wp-content\\\/uploads\\\/2024\\\/05\\\/8-e1729495715649.png\",\"contentUrl\":\"https:\\\/\\\/effectiveads.es\\\/wp-content\\\/uploads\\\/2024\\\/05\\\/8-e1729495715649.png\",\"width\":1080,\"height\":395,\"caption\":\"EFFECTIVEADS\"},\"image\":{\"@id\":\"https:\\\/\\\/effectiveads.es\\\/#\\\/schema\\\/logo\\\/image\\\/\"}}]}<\/script>\n<!-- \/ Yoast SEO plugin. -->","yoast_head_json":{"title":"Aviso legal - EFFECTIVEADS","robots":{"index":"noindex","follow":"follow"},"og_locale":"en_GB","og_type":"article","og_title":"Aviso legal - EFFECTIVEADS","og_description":"I. INFORMACI\u00d3N GENERAL En cumplimiento con el deber de informaci\u00f3n dispuesto en la Ley 34\/2002 de Servicios de la Sociedad de la Informaci\u00f3n y el Comercio Electr\u00f3nico (LSSI-CE) de 11 de julio, se facilitan a continuaci\u00f3n los siguientes datos de informaci\u00f3n general de este sitio web: La titularidad de este sitio web,\u00a0https:\/\/effectiveads.es, (en adelante, Sitio [&hellip;]","og_url":"https:\/\/effectiveads.es\/en\/legal\/","og_site_name":"EFFECTIVEADS","article_modified_time":"2025-06-27T10:35:01+00:00","twitter_card":"summary_large_image","schema":{"@context":"https:\/\/schema.org","@graph":[{"@type":"WebPage","@id":"https:\/\/effectiveads.es\/legal\/","url":"https:\/\/effectiveads.es\/legal\/","name":"Aviso legal - EFFECTIVEADS","isPartOf":{"@id":"https:\/\/effectiveads.es\/#website"},"datePublished":"2024-06-18T07:00:47+00:00","dateModified":"2025-06-27T10:35:01+00:00","breadcrumb":{"@id":"https:\/\/effectiveads.es\/legal\/#breadcrumb"},"inLanguage":"en-GB","potentialAction":[{"@type":"ReadAction","target":["https:\/\/effectiveads.es\/legal\/"]}]},{"@type":"BreadcrumbList","@id":"https:\/\/effectiveads.es\/legal\/#breadcrumb","itemListElement":[{"@type":"ListItem","position":1,"name":"Portada","item":"https:\/\/effectiveads.es\/"},{"@type":"ListItem","position":2,"name":"Aviso legal"}]},{"@type":"WebSite","@id":"https:\/\/effectiveads.es\/#website","url":"https:\/\/effectiveads.es\/","name":"EFFECTIVEADS","description":"No.1 online digital advertising agency","publisher":{"@id":"https:\/\/effectiveads.es\/#organization"},"potentialAction":[{"@type":"SearchAction","target":{"@type":"EntryPoint","urlTemplate":"https:\/\/effectiveads.es\/?s={search_term_string}"},"query-input":{"@type":"PropertyValueSpecification","valueRequired":true,"valueName":"search_term_string"}}],"inLanguage":"en-GB"},{"@type":"Organization","@id":"https:\/\/effectiveads.es\/#organization","name":"EFFECTIVEADS","url":"https:\/\/effectiveads.es\/","logo":{"@type":"ImageObject","inLanguage":"en-GB","@id":"https:\/\/effectiveads.es\/#\/schema\/logo\/image\/","url":"https:\/\/effectiveads.es\/wp-content\/uploads\/2024\/05\/8-e1729495715649.png","contentUrl":"https:\/\/effectiveads.es\/wp-content\/uploads\/2024\/05\/8-e1729495715649.png","width":1080,"height":395,"caption":"EFFECTIVEADS"},"image":{"@id":"https:\/\/effectiveads.es\/#\/schema\/logo\/image\/"}}]}},"_links":{"self":[{"href":"https:\/\/effectiveads.es\/en\/wp-json\/wp\/v2\/pages\/15","targetHints":{"allow":["GET"]}}],"collection":[{"href":"https:\/\/effectiveads.es\/en\/wp-json\/wp\/v2\/pages"}],"about":[{"href":"https:\/\/effectiveads.es\/en\/wp-json\/wp\/v2\/types\/page"}],"author":[{"embeddable":true,"href":"https:\/\/effectiveads.es\/en\/wp-json\/wp\/v2\/users\/2"}],"replies":[{"embeddable":true,"href":"https:\/\/effectiveads.es\/en\/wp-json\/wp\/v2\/comments?post=15"}],"version-history":[{"count":4,"href":"https:\/\/effectiveads.es\/en\/wp-json\/wp\/v2\/pages\/15\/revisions"}],"predecessor-version":[{"id":3086,"href":"https:\/\/effectiveads.es\/en\/wp-json\/wp\/v2\/pages\/15\/revisions\/3086"}],"wp:attachment":[{"href":"https:\/\/effectiveads.es\/en\/wp-json\/wp\/v2\/media?parent=15"}],"curies":[{"name":"wp","href":"https:\/\/api.w.org\/{rel}","templated":true}]}}